{"id":86,"date":"2024-12-18T01:55:04","date_gmt":"2024-12-18T01:55:04","guid":{"rendered":"https:\/\/smdlearning.com.co\/?page_id=86"},"modified":"2026-01-07T16:00:00","modified_gmt":"2026-01-07T16:00:00","slug":"86-2","status":"publish","type":"page","link":"https:\/\/smdlearning.com.co\/index.php\/86-2\/","title":{"rendered":""},"content":{"rendered":"\n<div class=\"wp-block-group skill-section has-background-background-color has-background is-layout-flow wp-block-group-is-layout-flow\">\n<h3 class=\"wp-block-heading has-text-align-center wow bounceInDown has-primary-color has-text-color has-link-color wp-elements-e71c9f01209ee5149954aaf54f9482ac\" style=\"text-transform:uppercase\">nuestros Cursos y capacitaciones<\/h3>\n\n\n\n<p class=\"has-text-align-center has-heading-color has-text-color has-link-color has-regular-font-size wp-elements-25dec5801a5cfd83691bdb25c353ba0a\" style=\"font-style:normal;font-weight:500\">Encuentre la capacitaci\u00f3n que m\u00e1s se adapte a sus necesidades, contamos con esquemas flexibles de cursos usted y su empresa.<\/p>\n\n\n\n<div style=\"height:45px\" aria-hidden=\"true\" class=\"wp-block-spacer\"><\/div>\n\n\n\n<div class=\"wp-block-columns are-vertically-aligned-center skill-outer-box is-layout-flex wp-container-core-columns-is-layout-9b24e0e0 wp-block-columns-is-layout-flex\">\n<div class=\"wp-block-column is-vertically-aligned-center skill-box wow zoomIn is-layout-flow wp-block-column-is-layout-flow\" style=\"flex-basis:25%\">\n<div class=\"wp-block-group skill-inner-box has-background-background-color has-background has-global-padding is-layout-constrained wp-container-core-group-is-layout-280f0a9a wp-block-group-is-layout-constrained\" style=\"padding-top:20px;padding-right:15px;padding-bottom:20px;padding-left:15px\">\n<figure class=\"wp-block-image aligncenter size-full skill-img\"><img decoding=\"async\" src=\"https:\/\/smdlearning.com.co\/wp-content\/themes\/one-business-blocks\/images\/icon1.png\" alt=\"\" class=\"wp-image-323\"\/><\/figure>\n\n\n\n<h5 class=\"wp-block-heading has-text-align-center has-secondary-color has-text-color has-link-color wp-elements-1328ee46ae53b6823c726a82fe93eb85\" style=\"text-transform:capitalize\">Anal\u00edtica de datos con Power Bi<\/h5>\n\n\n\n<p class=\"has-text-align-center\">Este conjunto de Curso le facilitar\u00e1 heramientas para adoptar las nuevas tecnologias de anal\u00edtica de datos, encuntre sentido a los datos y realice gr\u00e1ficos  espectaculares de alta calidad.<\/p>\n\n\n\n<p class=\"has-text-align-center\"><\/p>\n<\/div>\n<\/div>\n\n\n\n<div class=\"wp-block-column is-layout-flow wp-block-column-is-layout-flow\"><\/div>\n\n\n\n<div class=\"wp-block-column is-vertically-aligned-center skill-box wow zoomIn is-layout-flow wp-block-column-is-layout-flow\" style=\"flex-basis:25%\">\n<div class=\"wp-block-group skill-inner-box has-background-background-color has-background has-global-padding is-layout-constrained wp-container-core-group-is-layout-280f0a9a wp-block-group-is-layout-constrained\" style=\"padding-top:20px;padding-right:15px;padding-bottom:20px;padding-left:15px\">\n<figure class=\"wp-block-image aligncenter size-full skill-img\"><img decoding=\"async\" src=\"https:\/\/smdlearning.com.co\/wp-content\/themes\/one-business-blocks\/images\/icon2.png\" alt=\"\" class=\"wp-image-324\"\/><\/figure>\n\n\n\n<h5 class=\"wp-block-heading has-text-align-center has-secondary-color has-text-color has-link-color wp-elements-236522926147b66a3ac9feccceb7c474\" style=\"text-transform:capitalize\">Finanzas y leyes de actualidad<\/h5>\n\n\n\n<p class=\"has-text-align-center\">Este conjunto de curso le ayudar\u00e1n en los aspectos b\u00e1sicos relacionados Finanzas y aspectos legales, incluidos comercio y marKeting Digital.<\/p>\n\n\n\n<div class=\"wp-block-buttons alignwide is-content-justification-center is-layout-flex wp-container-core-buttons-is-layout-a89b3969 wp-block-buttons-is-layout-flex\"><\/div>\n<\/div>\n<\/div>\n\n\n\n<div class=\"wp-block-column is-vertically-aligned-center skill-box wow zoomIn is-layout-flow wp-block-column-is-layout-flow\" style=\"flex-basis:25%\">\n<div class=\"wp-block-group skill-inner-box has-background-background-color has-background has-global-padding is-layout-constrained wp-container-core-group-is-layout-280f0a9a wp-block-group-is-layout-constrained\" style=\"padding-top:20px;padding-right:15px;padding-bottom:20px;padding-left:15px\">\n<figure class=\"wp-block-image aligncenter size-full skill-img\"><img decoding=\"async\" src=\"https:\/\/smdlearning.com.co\/wp-content\/themes\/one-business-blocks\/images\/icon3.png\" alt=\"\" class=\"wp-image-325\"\/><\/figure>\n\n\n\n<h5 class=\"wp-block-heading has-text-align-center has-secondary-color has-text-color has-link-color wp-elements-2c2e920bbcfd57f07a1065cc8b49cd83\" style=\"text-transform:capitalize\">Trabajo de liderazgo<\/h5>\n\n\n\n<p class=\"has-text-align-center\">Este conjunto de cursos le apoyara a usted y su organizaci\u00f3n a realizar una mejor planeacion y mejoras en el  clima laboral adicionalmente las mejores practicas empresariales<\/p>\n<\/div>\n<\/div>\n\n\n\n<div class=\"wp-block-column is-vertically-aligned-center skill-box wow zoomIn is-layout-flow wp-block-column-is-layout-flow\" style=\"flex-basis:25%\">\n<div class=\"wp-block-group skill-inner-box has-background-background-color has-background has-global-padding is-layout-constrained wp-container-core-group-is-layout-280f0a9a wp-block-group-is-layout-constrained\" style=\"padding-top:20px;padding-right:15px;padding-bottom:20px;padding-left:15px\">\n<figure class=\"wp-block-image aligncenter size-full skill-img\"><img decoding=\"async\" src=\"https:\/\/smdlearning.com.co\/wp-content\/themes\/one-business-blocks\/images\/icon4.png\" alt=\"\" class=\"wp-image-326\"\/><\/figure>\n\n\n\n<h5 class=\"wp-block-heading has-text-align-center has-secondary-color has-text-color has-link-color wp-elements-69b92fa171ccc90be9b4a085b46d0b25\" style=\"text-transform:capitalize\">Cloud para todos<\/h5>\n\n\n\n<p class=\"has-text-align-center\">En este conjunto de curos usted podr\u00e1 encontrar en diferentes niveles desde el mas b\u00e1sico al mas avanzado las tematicas de las nuevas tecnologias del Cloud Moderno con difentes provedores de tecnolog\u00eda.<\/p>\n\n\n\n<p class=\"has-text-align-center\"><\/p>\n\n\n\n<p class=\"has-text-align-center\"><\/p>\n<\/div>\n<\/div>\n<\/div>\n\n\n\n<div style=\"height:45px\" aria-hidden=\"true\" class=\"wp-block-spacer skill-spacer\"><\/div>\n\n\n\n<div class=\"wp-block-columns are-vertically-aligned-center skill-outer-box is-layout-flex wp-container-core-columns-is-layout-9b24e0e0 wp-block-columns-is-layout-flex\">\n<div class=\"wp-block-column is-vertically-aligned-center skill-box wow zoomIn is-layout-flow wp-block-column-is-layout-flow\" style=\"flex-basis:25%\">\n<div class=\"wp-block-group skill-inner-box has-background-background-color has-background has-global-padding is-layout-constrained wp-container-core-group-is-layout-280f0a9a wp-block-group-is-layout-constrained\" style=\"padding-top:20px;padding-right:15px;padding-bottom:20px;padding-left:15px\">\n<figure class=\"wp-block-image aligncenter size-full skill-img\"><img decoding=\"async\" src=\"https:\/\/smdlearning.com.co\/wp-content\/themes\/one-business-blocks\/images\/icon5.png\" alt=\"\" class=\"wp-image-327\"\/><\/figure>\n\n\n\n<h5 class=\"wp-block-heading has-text-align-center has-secondary-color has-text-color has-link-color wp-elements-aa9f1f483e842652a0e2c67982a43563\" style=\"text-transform:capitalize\">Educaci\u00f3n Financiera<\/h5>\n\n\n\n<p class=\"has-text-align-center\">Este curso completo le ayudar\u00e1 a tener una vision mas amplia de la economia personal, domestica y familiar,  adquiera una seguridad financiera solida, planee para el futuro y aprenda el valor de ahorro con objetivos, inculque en su familia el valor del ahorro con objetivo y como gastar de mejor manera aprovechando mejor los recursos economicos.<\/p>\n<\/div>\n<\/div>\n\n\n\n<div class=\"wp-block-column is-vertically-aligned-center skill-box wow zoomIn is-layout-flow wp-block-column-is-layout-flow\" style=\"flex-basis:25%\">\n<div class=\"wp-block-group skill-inner-box has-background-background-color has-background has-global-padding is-layout-constrained wp-container-core-group-is-layout-280f0a9a wp-block-group-is-layout-constrained\" style=\"padding-top:20px;padding-right:15px;padding-bottom:20px;padding-left:15px\">\n<figure class=\"wp-block-image aligncenter size-full skill-img\"><img decoding=\"async\" src=\"https:\/\/smdlearning.com.co\/wp-content\/themes\/one-business-blocks\/images\/icon6.png\" alt=\"\" class=\"wp-image-328\"\/><\/figure>\n\n\n\n<h5 class=\"wp-block-heading has-text-align-center has-secondary-color has-text-color has-link-color wp-elements-6f89ffa7c5884d94b32e86139971132d\" style=\"text-transform:capitalize\">Habilidades blandas<\/h5>\n\n\n\n<p class=\"has-text-align-center\">Este curso le ayuda a usted y sus colaboradores a enfocar de manera m\u00e1s activa el aprovechamiento del las diferentes habilidades tales como el liderazgo, el trabajo en equipo, la sana competencia, la comunicacion acertiva, menejo del estress, resolucion de conflictos, trabajo y familia y tantas otras habilidades necesarias para ser mas competitivos en el  mundo moderno <\/p>\n<\/div>\n<\/div>\n\n\n\n<div class=\"wp-block-column is-vertically-aligned-center skill-box wow zoomIn is-layout-flow wp-block-column-is-layout-flow\" style=\"flex-basis:25%\">\n<div class=\"wp-block-group skill-inner-box has-background-background-color has-background has-global-padding is-layout-constrained wp-container-core-group-is-layout-280f0a9a wp-block-group-is-layout-constrained\" style=\"padding-top:20px;padding-right:15px;padding-bottom:20px;padding-left:15px\">\n<figure class=\"wp-block-image aligncenter size-full skill-img\"><img decoding=\"async\" src=\"https:\/\/smdlearning.com.co\/wp-content\/themes\/one-business-blocks\/images\/icon7.png\" alt=\"\" class=\"wp-image-329\"\/><\/figure>\n\n\n\n<h5 class=\"wp-block-heading has-text-align-center has-secondary-color has-text-color has-link-color wp-elements-d283ad12b8d389715398831dbacbace0\" style=\"text-transform:capitalize\">Ciberseguridad empresarial y personal<\/h5>\n\n\n\n<p class=\"has-text-align-center\">Preparece para las nuevas amenazas del mundo digital y fisico, con este conjunto de cursos usted podra dar un nuevo enfoque de la Ciberseguridad, reforzas su postura de seguridad empresarial y pesonal, estar preparado ante una amenaza o ciberdelicncuentes, ademas de saber como recuperarse de manera mas rapida antea un ciberataque <\/p>\n<\/div>\n<\/div>\n\n\n\n<div class=\"wp-block-column is-vertically-aligned-center skill-box wow zoomIn is-layout-flow wp-block-column-is-layout-flow\" style=\"flex-basis:25%\">\n<div class=\"wp-block-group skill-inner-box has-background-background-color has-background has-global-padding is-layout-constrained wp-container-core-group-is-layout-280f0a9a wp-block-group-is-layout-constrained\" style=\"padding-top:20px;padding-right:15px;padding-bottom:20px;padding-left:15px\">\n<figure class=\"wp-block-image aligncenter size-full skill-img\"><img decoding=\"async\" src=\"https:\/\/smdlearning.com.co\/wp-content\/themes\/one-business-blocks\/images\/icon8.png\" alt=\"\" class=\"wp-image-330\"\/><\/figure>\n\n\n\n<h5 class=\"wp-block-heading has-text-align-center has-secondary-color has-text-color has-link-color wp-elements-d952c5c21de9950f577dcce38cda290b\" style=\"text-transform:capitalize\">Rob\u00f3tica E IA en el mundo moderno<\/h5>\n\n\n\n<p class=\"has-text-align-center\">Este conjunto especial de cursos le ayudara a enfocarse para sacar el mejor provecho de estas nueva tecnologias, aprenda como encontrar mejoras para su trabajo, estudio y demas actividades de la vida cotidiana con la IA.<\/p>\n\n\n\n<p>Saque el mejor partido de la automatrizacion de tareas y aprenda sobre la robotica actual y del futuro y como puede usarla para su beneficio.<\/p>\n\n\n\n<p><\/p>\n<\/div>\n<\/div>\n<\/div>\n\n\n\n<div style=\"height:45px\" aria-hidden=\"true\" class=\"wp-block-spacer\"><\/div>\n\n\n\n<hr class=\"wp-block-separator has-alpha-channel-opacity\"\/>\n<\/div>\n\n\n\n<div class=\"wp-block-buttons is-content-justification-center is-layout-flex wp-container-core-buttons-is-layout-a89b3969 wp-block-buttons-is-layout-flex\">\n<div class=\"wp-block-button\"><a class=\"wp-block-button__link wp-element-button\" href=\"https:\/\/mvmsas.sharepoint.com\/sites\/MyLearning\">Ingreso a la plataforma de Learning<\/a><\/div>\n<\/div>\n\n\n\n<div class=\"wp-block-columns is-layout-flex wp-container-core-columns-is-layout-28f84493 wp-block-columns-is-layout-flex\">\n<div class=\"wp-block-column is-layout-flow wp-block-column-is-layout-flow\" style=\"flex-basis:100%\">\n<p><\/p>\n<\/div>\n<\/div>\n\n\n\n<hr class=\"wp-block-separator has-alpha-channel-opacity\"\/>\n\n\n\n<p><\/p>\n","protected":false},"excerpt":{"rendered":"<p>nuestros Cursos y capacitaciones Encuentre la capacitaci\u00f3n que m\u00e1s se adapte a sus necesidades, contamos con esquemas flexibles de cursos usted y su empresa. Anal\u00edtica de datos con Power Bi Este conjunto de Curso le facilitar\u00e1 heramientas para adoptar las nuevas tecnologias de anal\u00edtica de datos, encuntre sentido a los datos y realice gr\u00e1ficos espectaculares [&hellip;]<\/p>\n","protected":false},"author":1,"featured_media":0,"parent":0,"menu_order":0,"comment_status":"open","ping_status":"closed","template":"","meta":{"footnotes":""},"class_list":["post-86","page","type-page","status-publish","hentry"],"_links":{"self":[{"href":"https:\/\/smdlearning.com.co\/index.php\/wp-json\/wp\/v2\/pages\/86","targetHints":{"allow":["GET"]}}],"collection":[{"href":"https:\/\/smdlearning.com.co\/index.php\/wp-json\/wp\/v2\/pages"}],"about":[{"href":"https:\/\/smdlearning.com.co\/index.php\/wp-json\/wp\/v2\/types\/page"}],"author":[{"embeddable":true,"href":"https:\/\/smdlearning.com.co\/index.php\/wp-json\/wp\/v2\/users\/1"}],"replies":[{"embeddable":true,"href":"https:\/\/smdlearning.com.co\/index.php\/wp-json\/wp\/v2\/comments?post=86"}],"version-history":[{"count":41,"href":"https:\/\/smdlearning.com.co\/index.php\/wp-json\/wp\/v2\/pages\/86\/revisions"}],"predecessor-version":[{"id":255,"href":"https:\/\/smdlearning.com.co\/index.php\/wp-json\/wp\/v2\/pages\/86\/revisions\/255"}],"wp:attachment":[{"href":"https:\/\/smdlearning.com.co\/index.php\/wp-json\/wp\/v2\/media?parent=86"}],"curies":[{"name":"wp","href":"https:\/\/api.w.org\/{rel}","templated":true}]}}