{"id":55,"date":"2024-12-14T17:43:05","date_gmt":"2024-12-14T17:43:05","guid":{"rendered":"https:\/\/smdlearning.com.co\/?page_id=55"},"modified":"2025-06-12T14:07:26","modified_gmt":"2025-06-12T14:07:26","slug":"55-2","status":"publish","type":"page","link":"https:\/\/smdlearning.com.co\/index.php\/86-2\/55-2\/","title":{"rendered":"SMD Consulting"},"content":{"rendered":"\n<div class=\"wp-block-group profit-sec is-layout-flow wp-block-group-is-layout-flow\" style=\"margin-top:0;margin-bottom:0\">\n<div class=\"wp-block-columns is-layout-flex wp-container-core-columns-is-layout-28f84493 wp-block-columns-is-layout-flex\">\n<div class=\"wp-block-column is-layout-flow wp-block-column-is-layout-flow\" style=\"flex-basis:100%\">\n<div class=\"wp-block-cover wp-duotone-unset-1\"><img decoding=\"async\" class=\"wp-block-cover__image-background wp-image-298\" alt=\"\" src=\"https:\/\/smdlearning.com.co\/wp-content\/themes\/one-business-blocks\/images\/profit.png\" data-object-fit=\"cover\"\/><span aria-hidden=\"true\" class=\"wp-block-cover__background has-background-dim\"><\/span><div class=\"wp-block-cover__inner-container is-layout-flow wp-block-cover-is-layout-flow\">\n<p class=\"has-text-align-center has-large-font-size\"><strong>SMD Consulting<\/strong><\/p>\n\n\n\n<p class=\"has-text-align-center\">Consultor\u00eda especializada para su empresa<\/p>\n<\/div><\/div>\n<\/div>\n<\/div>\n<\/div>\n\n\n\n<div class=\"wp-block-group skill-section has-background-background-color has-background is-layout-flow wp-block-group-is-layout-flow\">\n<h3 class=\"wp-block-heading has-text-align-center wow bounceInDown has-primary-color has-text-color has-link-color wp-elements-3b9bd450ed91a6a15c7d31fcaa78f92f\" style=\"text-transform:uppercase\">nuestras habilidades<\/h3>\n\n\n\n<p class=\"has-text-align-center has-heading-color has-text-color has-link-color has-regular-font-size wp-elements-f1c8769b0e29f1f25d86c4751238184f\" style=\"font-style:normal;font-weight:500\">Enfocamos nuestras habilidades en beneficio de su empresa.<\/p>\n\n\n\n<div style=\"height:45px\" aria-hidden=\"true\" class=\"wp-block-spacer\"><\/div>\n\n\n\n<div class=\"wp-block-columns are-vertically-aligned-center skill-outer-box is-layout-flex wp-container-core-columns-is-layout-9b24e0e0 wp-block-columns-is-layout-flex\">\n<div class=\"wp-block-column is-vertically-aligned-center skill-box wow zoomIn is-layout-flow wp-block-column-is-layout-flow\" style=\"flex-basis:25%\">\n<div class=\"wp-block-group skill-inner-box has-background-background-color has-background has-global-padding is-layout-constrained wp-container-core-group-is-layout-280f0a9a wp-block-group-is-layout-constrained\" style=\"padding-top:20px;padding-right:15px;padding-bottom:20px;padding-left:15px\">\n<figure class=\"wp-block-image aligncenter size-full skill-img\"><img decoding=\"async\" src=\"https:\/\/smdlearning.com.co\/wp-content\/themes\/one-business-blocks\/images\/icon1.png\" alt=\"\" class=\"wp-image-323\"\/><\/figure>\n\n\n\n<h5 class=\"wp-block-heading has-text-align-center has-secondary-color has-text-color has-link-color wp-elements-9977f88debef2c1d45f7dc83f1d585f9\" style=\"text-transform:capitalize\">Proyecto de BI<\/h5>\n\n\n\n<p class=\"has-text-align-center\">Acompa\u00f1amos metodol\u00f3gicamente en el dise\u00f1o e implementaci\u00f3n de su proyecto de datos de manera exitoso, con herramientas de Microsoft.<\/p>\n<\/div>\n<\/div>\n\n\n\n<div class=\"wp-block-column is-vertically-aligned-center skill-box wow zoomIn is-layout-flow wp-block-column-is-layout-flow\" style=\"flex-basis:25%\">\n<div class=\"wp-block-group skill-inner-box has-background-background-color has-background has-global-padding is-layout-constrained wp-container-core-group-is-layout-280f0a9a wp-block-group-is-layout-constrained\" style=\"padding-top:20px;padding-right:15px;padding-bottom:20px;padding-left:15px\">\n<figure class=\"wp-block-image aligncenter size-full skill-img\"><img decoding=\"async\" src=\"https:\/\/smdlearning.com.co\/wp-content\/themes\/one-business-blocks\/images\/icon2.png\" alt=\"\" class=\"wp-image-324\"\/><\/figure>\n\n\n\n<h5 class=\"wp-block-heading has-text-align-center has-secondary-color has-text-color has-link-color wp-elements-6af129a5cb45bd19b26c8122708913a5\" style=\"text-transform:capitalize\">Automatizaci\u00f3n de procesos<\/h5>\n\n\n\n<p class=\"has-text-align-center\">Integramos diferentes tipos de herramientas de automatizaci\u00f3n Power Automate e IA para la mejora de sus procesos de negocio.<\/p>\n<\/div>\n<\/div>\n\n\n\n<div class=\"wp-block-column is-vertically-aligned-center skill-box wow zoomIn is-layout-flow wp-block-column-is-layout-flow\" style=\"flex-basis:25%\">\n<div class=\"wp-block-group skill-inner-box has-background-background-color has-background has-global-padding is-layout-constrained wp-container-core-group-is-layout-280f0a9a wp-block-group-is-layout-constrained\" style=\"padding-top:20px;padding-right:15px;padding-bottom:20px;padding-left:15px\">\n<figure class=\"wp-block-image aligncenter size-full skill-img\"><img decoding=\"async\" src=\"https:\/\/smdlearning.com.co\/wp-content\/themes\/one-business-blocks\/images\/icon3.png\" alt=\"\" class=\"wp-image-325\"\/><\/figure>\n\n\n\n<h5 class=\"wp-block-heading has-text-align-center has-secondary-color has-text-color has-link-color wp-elements-95de380fc47904140d01ccfcadd2e51a\" style=\"text-transform:capitalize\">Colaboraci\u00f3n y productividad<\/h5>\n\n\n\n<p class=\"has-text-align-center\">Contamos con la experiencia para el desarrollo e implementaci\u00f3n de su plataforma colaborativa con M365.<\/p>\n<\/div>\n<\/div>\n\n\n\n<div class=\"wp-block-column is-vertically-aligned-center skill-box wow zoomIn is-layout-flow wp-block-column-is-layout-flow\" style=\"flex-basis:25%\">\n<div class=\"wp-block-group skill-inner-box has-background-background-color has-background has-global-padding is-layout-constrained wp-container-core-group-is-layout-280f0a9a wp-block-group-is-layout-constrained\" style=\"padding-top:20px;padding-right:15px;padding-bottom:20px;padding-left:15px\">\n<figure class=\"wp-block-image aligncenter size-full skill-img\"><img decoding=\"async\" src=\"https:\/\/smdlearning.com.co\/wp-content\/themes\/one-business-blocks\/images\/icon4.png\" alt=\"\" class=\"wp-image-326\"\/><\/figure>\n\n\n\n<h5 class=\"wp-block-heading has-text-align-center has-secondary-color has-text-color has-link-color wp-elements-0df4a8aedcb8d13c3cf5735865eb6b1e\" style=\"text-transform:capitalize\">Administraci\u00f3n documental<\/h5>\n\n\n\n<p class=\"has-text-align-center\">Apoyamos a su organizaci\u00f3n en la implementaci\u00f3n de plataformas para el manejo inteligente de documentos en su organizaci\u00f3n.<\/p>\n<\/div>\n<\/div>\n<\/div>\n\n\n\n<div style=\"height:45px\" aria-hidden=\"true\" class=\"wp-block-spacer skill-spacer\"><\/div>\n\n\n\n<hr class=\"wp-block-separator has-alpha-channel-opacity is-style-wide\"\/>\n\n\n\n<p class=\"has-text-align-center\"><strong>Quienes Creen en Nosotros y apoyamos en su crecimiento tecnologico<\/strong>:<\/p>\n\n\n\n<figure class=\"wp-block-image aligncenter size-full is-resized\"><img loading=\"lazy\" decoding=\"async\" width=\"352\" height=\"192\" src=\"https:\/\/smdlearning.com.co\/wp-content\/uploads\/2025\/01\/Intelligent.png\" alt=\"\" class=\"wp-image-142\" style=\"width:352px;height:auto\" srcset=\"https:\/\/smdlearning.com.co\/wp-content\/uploads\/2025\/01\/Intelligent.png 352w, https:\/\/smdlearning.com.co\/wp-content\/uploads\/2025\/01\/Intelligent-300x164.png 300w\" sizes=\"auto, (max-width: 352px) 100vw, 352px\" \/><figcaption class=\"wp-element-caption\">Desde hace mas de 5 a\u00f1os apoyamos en diferentes eventos y actividades de tipo educativo en conjunto con Microsoft y otras empresas de la industria para la formacion y consultoria tecnologica.<\/figcaption><\/figure>\n\n\n\n<figure class=\"wp-block-image aligncenter size-full is-resized\"><img loading=\"lazy\" decoding=\"async\" width=\"524\" height=\"209\" src=\"https:\/\/smdlearning.com.co\/wp-content\/uploads\/2025\/01\/ITG.png\" alt=\"\" class=\"wp-image-143\" style=\"width:439px;height:auto\" srcset=\"https:\/\/smdlearning.com.co\/wp-content\/uploads\/2025\/01\/ITG.png 524w, https:\/\/smdlearning.com.co\/wp-content\/uploads\/2025\/01\/ITG-300x120.png 300w\" sizes=\"auto, (max-width: 524px) 100vw, 524px\" \/><figcaption class=\"wp-element-caption\">Somos un aliado tecnologico para la creaci\u00f3n de  cursos y el fomento de capacitaci\u00f3n en areas de la tecnolog\u00eda y metodologias de proyectos. <\/figcaption><\/figure>\n\n\n\n<figure class=\"wp-block-image aligncenter size-full\"><img loading=\"lazy\" decoding=\"async\" width=\"480\" height=\"151\" src=\"https:\/\/smdlearning.com.co\/wp-content\/uploads\/2025\/01\/FutureSpace.png\" alt=\"\" class=\"wp-image-141\" srcset=\"https:\/\/smdlearning.com.co\/wp-content\/uploads\/2025\/01\/FutureSpace.png 480w, https:\/\/smdlearning.com.co\/wp-content\/uploads\/2025\/01\/FutureSpace-300x94.png 300w\" sizes=\"auto, (max-width: 480px) 100vw, 480px\" \/><figcaption class=\"wp-element-caption\">Desarrollamos de manera conjunta el desarrollo de componentes de Inteligecia artificial y robotica para multiples funcionalidades industriales. <\/figcaption><\/figure>\n\n\n\n<figure class=\"wp-block-image aligncenter size-full is-resized\"><img loading=\"lazy\" decoding=\"async\" width=\"468\" height=\"260\" src=\"https:\/\/smdlearning.com.co\/wp-content\/uploads\/2025\/01\/MVM.png\" alt=\"\" class=\"wp-image-144\" style=\"width:378px;height:auto\" srcset=\"https:\/\/smdlearning.com.co\/wp-content\/uploads\/2025\/01\/MVM.png 468w, https:\/\/smdlearning.com.co\/wp-content\/uploads\/2025\/01\/MVM-300x167.png 300w\" sizes=\"auto, (max-width: 468px) 100vw, 468px\" \/><figcaption class=\"wp-element-caption\">Colaboramos de manera activa en el soporte de mesa de ayuda y desarrollo de proyectos para la operaci\u00f3n del grupo ISA y sus filiales.<\/figcaption><\/figure>\n\n\n\n<figure class=\"wp-block-image aligncenter size-full is-resized\"><img loading=\"lazy\" decoding=\"async\" width=\"516\" height=\"239\" src=\"https:\/\/smdlearning.com.co\/wp-content\/uploads\/2025\/01\/isa.png\" alt=\"\" class=\"wp-image-146\" style=\"width:384px;height:auto\" srcset=\"https:\/\/smdlearning.com.co\/wp-content\/uploads\/2025\/01\/isa.png 516w, https:\/\/smdlearning.com.co\/wp-content\/uploads\/2025\/01\/isa-300x139.png 300w\" sizes=\"auto, (max-width: 516px) 100vw, 516px\" \/><figcaption class=\"wp-element-caption\">Participamos en el desarrollo de iniciativas para el fomento y desarrollo de herramientas tecnologicas y promover un mejor servicio en el grupo empresarial.<\/figcaption><\/figure>\n\n\n\n<p><\/p>\n<\/div>\n\n\n\n<p><\/p>\n","protected":false},"excerpt":{"rendered":"<p>nuestras habilidades Enfocamos nuestras habilidades en beneficio de su empresa. Proyecto de BI Acompa\u00f1amos metodol\u00f3gicamente en el dise\u00f1o e implementaci\u00f3n de su proyecto de datos de manera exitoso, con herramientas de Microsoft. Automatizaci\u00f3n de procesos Integramos diferentes tipos de herramientas de automatizaci\u00f3n Power Automate e IA para la mejora de sus procesos de negocio. Colaboraci\u00f3n [&hellip;]<\/p>\n","protected":false},"author":1,"featured_media":0,"parent":86,"menu_order":0,"comment_status":"closed","ping_status":"closed","template":"","meta":{"footnotes":""},"class_list":["post-55","page","type-page","status-publish","hentry"],"_links":{"self":[{"href":"https:\/\/smdlearning.com.co\/index.php\/wp-json\/wp\/v2\/pages\/55","targetHints":{"allow":["GET"]}}],"collection":[{"href":"https:\/\/smdlearning.com.co\/index.php\/wp-json\/wp\/v2\/pages"}],"about":[{"href":"https:\/\/smdlearning.com.co\/index.php\/wp-json\/wp\/v2\/types\/page"}],"author":[{"embeddable":true,"href":"https:\/\/smdlearning.com.co\/index.php\/wp-json\/wp\/v2\/users\/1"}],"replies":[{"embeddable":true,"href":"https:\/\/smdlearning.com.co\/index.php\/wp-json\/wp\/v2\/comments?post=55"}],"version-history":[{"count":34,"href":"https:\/\/smdlearning.com.co\/index.php\/wp-json\/wp\/v2\/pages\/55\/revisions"}],"predecessor-version":[{"id":191,"href":"https:\/\/smdlearning.com.co\/index.php\/wp-json\/wp\/v2\/pages\/55\/revisions\/191"}],"up":[{"embeddable":true,"href":"https:\/\/smdlearning.com.co\/index.php\/wp-json\/wp\/v2\/pages\/86"}],"wp:attachment":[{"href":"https:\/\/smdlearning.com.co\/index.php\/wp-json\/wp\/v2\/media?parent=55"}],"curies":[{"name":"wp","href":"https:\/\/api.w.org\/{rel}","templated":true}]}}